{"id":20,"date":"2018-11-03T14:29:03","date_gmt":"2018-11-03T14:29:03","guid":{"rendered":"http:\/\/mitbestimmung-citybahn.de\/mitbestimmung\/?page_id=20"},"modified":"2020-09-08T21:49:03","modified_gmt":"2020-09-08T19:49:03","slug":"argumente","status":"publish","type":"page","link":"https:\/\/mitbestimmung-citybahn.de\/mitbestimmung\/?page_id=20","title":{"rendered":"Argumente"},"content":{"rendered":"<p>&nbsp;<\/p>\n<h5><strong>Ist die Citybahn wirklich notwendig und was sind ihre Folgen?<\/strong><\/h5>\n<p>Die\u00a0Stadt Wiesbaden und ESWE Verkehr lassen eine offene und ehrliche Auseinandersetzung mit dem F\u00fcr und Wider des Projekts \u201eCityBahn\u201c vermissen.<\/p>\n<p>Haupts\u00e4chlich wird damit argumentiert, dass Wiesbaden weiter wachse, der Verkehr zunehme und der \u00d6PNV mit dem vorhandenen Busnetz an seine Grenzen gesto\u00dfen sei. Au\u00dferdem m\u00fcsse dringend etwas f\u00fcr die Reduzierung der Luftschadstoffe getan werden. Um all diesen Problemen zu begegnen, sei eine Citybahn alternativlos. Sie sei ein modernes emissionsfreies Verkehrsmittel und biete gegen\u00fcber dem ESWE-Busverkehr einen Kapazit\u00e4ts- und Geschwindigkeitsvorteil. Das Projekt \u201eCityBahn\u201c verbinde die Landeshauptst\u00e4dte Mainz und Wiesbaden und sei aufgrund der (vorl\u00e4ufigen) Nutzen-Kosten-Analyse vom 12.12.2017 angeblich auch subventionsf\u00e4hig, so dass der Bund sowie die L\u00e4nder Hessen und Rheinland-Pfalz bis zu 87,5 % der Investitionskosten \u00fcbernehmen w\u00fcrden. Eine Citybahn sei zudem angeblich sogar betriebswirtschaftlich sinnvoll.<\/p>\n<p>All diese Aussagen \u00fcberzeugen bei genauerer Betrachtung aber nicht. Die Notwendigkeit und erst recht die Alternativlosigkeit der \u201eCityBahn\u201c m\u00fcssen bezweifelt werden. Nachfolgend wollen wir unsere ganz erheblichen Bedenken erl\u00e4utern und zur Diskussion stellen:<\/p>\n<p><strong>Stichwort Emissionen<\/strong> \u2013 <em>Luftqualit\u00e4t, Stickoxide, Umr\u00fcstung ESWE-Busflotte, Feinstaub, L\u00e4rm und Ersch\u00fctterungen<\/em> <a href=\"http:\/\/mitbestimmung-citybahn.de\/mitbestimmung\/?page_id=22\"><strong>WEITERLESEN<\/strong><\/a><\/p>\n<map name=\"Buttonlink\">\n<area title=\"Mitmachen\" coords=\"89,428,241,464\" shape=\"rect\" href=\"http:\/\/bi-citybahn.de\/?page_id=492\" \/> <\/map>\n<p><strong>Stichwort Busse am Limit<\/strong> \u2013 <em>Historisches, Datengrundlage, Verkehrszellen, Nutzungsverhalten, Heilmittel Citybahn, Zeittakt<\/em> <strong><a href=\"http:\/\/mitbestimmung-citybahn.de\/mitbestimmung\/?page_id=24\">WEITERLESEN<\/a><\/strong><\/p>\n<p><strong>Stichwort Schienensystem<\/strong> \u2013 <em>Historisches<\/em>, <em>Spurbreite, Gleisk\u00f6rper, Trennungswirkung Gleisk\u00f6rper, Bus- und Individualverkehr, St\u00f6ranf\u00e4lligkeit, Oberleitungen,\u00a0Baumbestand, Parkpl\u00e4tze<\/em> <a href=\"http:\/\/mitbestimmung-citybahn.de\/mitbestimmung\/?page_id=26\"><strong>WEITERLESEN<\/strong><\/a><\/p>\n<p><strong>Stichwort\u00a0Zukunft des Verkehrs<\/strong> \u2013 <em>autonomes Fahren,<\/em> <em>EU Verkehrsprognosen,<\/em> <em>Elektromobilit\u00e4t, Flexibilit\u00e4t, Verkehr \u201eon demand\u201c, Vernetzung von Verkehrstr\u00e4gern, Technologiebindung<\/em> <a href=\"http:\/\/mitbestimmung-citybahn.de\/mitbestimmung\/?page_id=28\"><strong>WEITERLESEN<\/strong><\/a><\/p>\n<p><strong>Stichwort Nutzen-Kosten-Untersuchung<\/strong> <strong>(NKU)<\/strong> \u2013 <em>Subventionsw\u00fcrdigkeit Citybahn,\u00a0 Standardisierte Bewertung, Nachpr\u00fcfbarkeit<\/em>\u00a0<a href=\"http:\/\/mitbestimmung-citybahn.de\/mitbestimmung\/?page_id=30\"><strong>WEITERLESEN<\/strong><\/a><\/p>\n<p><strong>Stichwort Belastung des st\u00e4dtischen Haushalts<\/strong> \u2013 <em>Investitionszusch\u00fcsse Bund und Land, Erh\u00f6hung Baukosten, Kosten der Unterhaltung, Defizite ESWE Verkehr, Haushaltsentwicklung, andere Infrastrukturprojekte<\/em> <a href=\"http:\/\/mitbestimmung-citybahn.de\/mitbestimmung\/?page_id=32\"><strong>WEITERLESEN<\/strong><\/a><\/p>\n<p><strong>Stichwort Zeitabl\u00e4ufe Planung und Realisierung<\/strong> \u2013 <em>Vorplanung, Akteurswerkstatt, B\u00fcrgerbeteiligung, Entwurfs- und Genehmigungsplanung,\u00a0Planfeststellungsverfahren, Bauzeit\/Inbetriebnahme<\/em> <a href=\"http:\/\/mitbestimmung-citybahn.de\/mitbestimmung\/?page_id=34\"><strong>WEITERLESEN<\/strong><\/a><\/p>\n<p><strong>Stichwort Nadel\u00f6hr Theodor-Heuss-Br\u00fccke<\/strong> \u2013 <em>Tragkraft, Verkehrsaufkommen Individualverkehr, neue Rheinquerung<\/em> <strong><a href=\"http:\/\/mitbestimmung-citybahn.de\/mitbestimmung\/?page_id=36\">WEITERLESEN<\/a><\/strong><\/p>\n<p><strong>Stichwort notwendige Kooperationspartner<\/strong> \u2013 <em>Projektgesellschaft, Haushaltslage MZ-SWA-R\u00dcD,\u00a0Zustimmungserfordernis<\/em> <a href=\"http:\/\/mitbestimmung-citybahn.de\/mitbestimmung\/?page_id=38\"><strong>WEITERLESEN<\/strong><\/a><\/p>\n<p><strong>Stichwort Alternativen zur Citybahn<\/strong> \u2013 <em>E-Busse, Bustypen, Wallauer Spange,<\/em> <em>P+R Pl\u00e4tze, Autonomes Fahren\/Sammeltaxis<\/em>\u00a0<a href=\"http:\/\/mitbestimmung-citybahn.de\/mitbestimmung\/?page_id=40\"><strong>WEITERLESEN<\/strong><\/a><\/p>\n<p>&nbsp;<\/p>\n","protected":false},"excerpt":{"rendered":"<p>&nbsp; Ist die Citybahn wirklich notwendig und was sind ihre Folgen? Die\u00a0Stadt Wiesbaden und ESWE Verkehr lassen eine offene und ehrliche Auseinandersetzung mit dem F\u00fcr und Wider des Projekts \u201eCityBahn\u201c vermissen. Haupts\u00e4chlich wird damit argumentiert, dass Wiesbaden weiter wachse, der Verkehr zunehme und der \u00d6PNV mit dem vorhandenen Busnetz an&hellip; <\/p>\n","protected":false},"author":1,"featured_media":0,"parent":0,"menu_order":4,"comment_status":"closed","ping_status":"closed","template":"","meta":{"footnotes":""},"class_list":["post-20","page","type-page","status-publish","hentry"],"_links":{"self":[{"href":"https:\/\/mitbestimmung-citybahn.de\/mitbestimmung\/index.php?rest_route=\/wp\/v2\/pages\/20","targetHints":{"allow":["GET"]}}],"collection":[{"href":"https:\/\/mitbestimmung-citybahn.de\/mitbestimmung\/index.php?rest_route=\/wp\/v2\/pages"}],"about":[{"href":"https:\/\/mitbestimmung-citybahn.de\/mitbestimmung\/index.php?rest_route=\/wp\/v2\/types\/page"}],"author":[{"embeddable":true,"href":"https:\/\/mitbestimmung-citybahn.de\/mitbestimmung\/index.php?rest_route=\/wp\/v2\/users\/1"}],"replies":[{"embeddable":true,"href":"https:\/\/mitbestimmung-citybahn.de\/mitbestimmung\/index.php?rest_route=%2Fwp%2Fv2%2Fcomments&post=20"}],"version-history":[{"count":6,"href":"https:\/\/mitbestimmung-citybahn.de\/mitbestimmung\/index.php?rest_route=\/wp\/v2\/pages\/20\/revisions"}],"predecessor-version":[{"id":1649,"href":"https:\/\/mitbestimmung-citybahn.de\/mitbestimmung\/index.php?rest_route=\/wp\/v2\/pages\/20\/revisions\/1649"}],"wp:attachment":[{"href":"https:\/\/mitbestimmung-citybahn.de\/mitbestimmung\/index.php?rest_route=%2Fwp%2Fv2%2Fmedia&parent=20"}],"curies":[{"name":"wp","href":"https:\/\/api.w.org\/{rel}","templated":true}]}}