{"id":2012,"date":"2020-10-23T19:36:20","date_gmt":"2020-10-23T17:36:20","guid":{"rendered":"https:\/\/mitbestimmung-citybahn.de\/mitbestimmung\/?page_id=2012"},"modified":"2020-10-24T20:45:35","modified_gmt":"2020-10-24T18:45:35","slug":"buergerentscheid-o-mat-startseite","status":"publish","type":"page","link":"https:\/\/mitbestimmung-citybahn.de\/mitbestimmung\/?page_id=2012","title":{"rendered":"B\u00fcrgerentscheid-O-Mat \u00ae \u2013 Startseite"},"content":{"rendered":"<h5>Unsere Last-Minute-Entscheidungshilfe f\u00fcr den B\u00fcrgerentscheid:<\/h5>\n<p>&nbsp;<\/p>\n<table width=\"100%\">\n<tbody>\n<tr>\n<td><strong>B\u00fcrgerentscheid-O-Mat \u00ae<\/strong> <sup>Revision 1.0<\/sup><\/td>\n<\/tr>\n<\/tbody>\n<\/table>\n<p>&nbsp;<\/p>\n<h5>WARNUNG:<\/h5>\n<p>Die Fragen unseres B\u00fcrgerentscheid-O-Mat \u00ae weisen etwa halb so viele satirische und suggestive Elemente auf, wie die von der Mehrheit der Stadtverordneten beschlossene <a href=\"https:\/\/mitbestimmung-citybahn.de\/mitbestimmung\/?p=1605\" target=\"_blank\" rel=\"noopener noreferrer\"><strong>Fragestellung<\/strong><\/a> zum B\u00fcrgerentscheid am 01.11.2020.<\/p>\n<p>&nbsp;<\/p>\n<h5>ERL\u00c4UTERUNGEN ZUR FUNKTION<\/h5>\n<p>Der B\u00fcrgerentscheid-O-Mat \u00ae basiert auf einer Auswertung mehrerer Fragen und f\u00fchrt Sie Schritt f\u00fcr Schritt zu einem v\u00f6llig unverbindlichen Vorschlag f\u00fcr Ihr Abstimmungsverhalten beim B\u00fcrgerentscheid am 01.11.2020.<\/p>\n<p>Die Verwendung des B\u00fcrgerentscheid-O-Mat \u00ae ist anonym. Es werden vom Benutzer keine personenbezogenen Daten erhoben, gespeichert oder verwertet. Es werden auch keine Antworten bzw. Befragungsergebnisse erhoben, gespeichert oder verwertet.<\/p>\n<p>&nbsp;<\/p>\n<p>&nbsp;<\/p>\n<table>\n<tbody>\n<tr>\n<td style=\"text-align: center;\" width=\"106\"><a href=\"https:\/\/mitbestimmung-citybahn.de\/mitbestimmung\/?page_id=2017\"><strong>LOS GEHT\u2018S<\/strong><\/a><\/td>\n<\/tr>\n<\/tbody>\n<\/table>\n<p>&nbsp;<\/p>\n<p>&nbsp;<\/p>\n<p>&nbsp;<\/p>\n<p>&nbsp;<\/p>\n<p>&nbsp;<\/p>\n<p>&nbsp;<\/p>\n<p>&nbsp;<\/p>\n","protected":false},"excerpt":{"rendered":"<p>Unsere Last-Minute-Entscheidungshilfe f\u00fcr den B\u00fcrgerentscheid: &nbsp; B\u00fcrgerentscheid-O-Mat \u00ae Revision 1.0 &nbsp; WARNUNG: Die Fragen unseres B\u00fcrgerentscheid-O-Mat \u00ae weisen etwa halb so viele satirische und suggestive Elemente auf, wie die von der Mehrheit der Stadtverordneten beschlossene Fragestellung zum B\u00fcrgerentscheid am 01.11.2020. &nbsp; ERL\u00c4UTERUNGEN ZUR FUNKTION Der B\u00fcrgerentscheid-O-Mat \u00ae basiert auf einer&hellip; <\/p>\n","protected":false},"author":8,"featured_media":0,"parent":0,"menu_order":0,"comment_status":"closed","ping_status":"closed","template":"","meta":{"footnotes":""},"class_list":["post-2012","page","type-page","status-publish","hentry"],"_links":{"self":[{"href":"https:\/\/mitbestimmung-citybahn.de\/mitbestimmung\/index.php?rest_route=\/wp\/v2\/pages\/2012","targetHints":{"allow":["GET"]}}],"collection":[{"href":"https:\/\/mitbestimmung-citybahn.de\/mitbestimmung\/index.php?rest_route=\/wp\/v2\/pages"}],"about":[{"href":"https:\/\/mitbestimmung-citybahn.de\/mitbestimmung\/index.php?rest_route=\/wp\/v2\/types\/page"}],"author":[{"embeddable":true,"href":"https:\/\/mitbestimmung-citybahn.de\/mitbestimmung\/index.php?rest_route=\/wp\/v2\/users\/8"}],"replies":[{"embeddable":true,"href":"https:\/\/mitbestimmung-citybahn.de\/mitbestimmung\/index.php?rest_route=%2Fwp%2Fv2%2Fcomments&post=2012"}],"version-history":[{"count":10,"href":"https:\/\/mitbestimmung-citybahn.de\/mitbestimmung\/index.php?rest_route=\/wp\/v2\/pages\/2012\/revisions"}],"predecessor-version":[{"id":2130,"href":"https:\/\/mitbestimmung-citybahn.de\/mitbestimmung\/index.php?rest_route=\/wp\/v2\/pages\/2012\/revisions\/2130"}],"wp:attachment":[{"href":"https:\/\/mitbestimmung-citybahn.de\/mitbestimmung\/index.php?rest_route=%2Fwp%2Fv2%2Fmedia&parent=2012"}],"curies":[{"name":"wp","href":"https:\/\/api.w.org\/{rel}","templated":true}]}}