{"id":2037,"date":"2020-10-23T20:35:45","date_gmt":"2020-10-23T18:35:45","guid":{"rendered":"https:\/\/mitbestimmung-citybahn.de\/mitbestimmung\/?page_id=2037"},"modified":"2020-10-24T14:03:16","modified_gmt":"2020-10-24T12:03:16","slug":"buergerentscheid-o-mat-auswertung-frage-2-nein","status":"publish","type":"page","link":"https:\/\/mitbestimmung-citybahn.de\/mitbestimmung\/?page_id=2037","title":{"rendered":"B\u00fcrgerentscheid-O-Mat \u00ae \u2013 Auswertung Frage 2 Nein"},"content":{"rendered":"<p>Gl\u00fcckwunsch! Das ging immerhin noch relativ schnell!<\/p>\n<p>Sie haben sich nicht von den Argumenten der Bef\u00fcrworter einer Verkehrswende und der Einrichtung eines neuen schienengebundenen Massentransportmittels im \u00d6PNV (Citybahn) irritieren lassen und haben aus gut nachvollziehbaren Gr\u00fcnden entschieden, dass eine Stra\u00dfenbahn (Citybahn) in Wiesbaden kaum einen\u00a0 entscheidenden Nutzen f\u00fcr die Gesamtsituation h\u00e4tte.<\/p>\n<p>Der B\u00fcrgerentscheid-O-Mat \u00ae ist damit f\u00fcr Sie bereits abgeschlossen.<\/p>\n<p>Wir empfehlen Ihnen dringend, beim B\u00fcrgerentscheid mit Nein abzustimmen.<\/p>\n<p>Oder sicherheitshalber nochmal zur\u00fcck zur vorherigen Frage?<\/p>\n<p>&nbsp;<\/p>\n<table>\n<tbody>\n<tr>\n<td style=\"text-align: center;\" width=\"125\"><a href=\"https:\/\/mitbestimmung-citybahn.de\/mitbestimmung\/?page_id=2031\"><strong>zur\u00fcck zur vorherigen Frage<\/strong><\/a><\/td>\n<\/tr>\n<\/tbody>\n<\/table>\n<p>&nbsp;<\/p>\n<table>\n<tbody>\n<tr>\n<td style=\"text-align: center;\" width=\"125\"><a href=\"https:\/\/mitbestimmung-citybahn.de\/mitbestimmung\/\"><strong>Beenden<\/strong><\/a><\/td>\n<\/tr>\n<\/tbody>\n<\/table>\n<p>&nbsp;<\/p>\n<p>&nbsp;<\/p>\n","protected":false},"excerpt":{"rendered":"<p>Gl\u00fcckwunsch! Das ging immerhin noch relativ schnell! Sie haben sich nicht von den Argumenten der Bef\u00fcrworter einer Verkehrswende und der Einrichtung eines neuen schienengebundenen Massentransportmittels im \u00d6PNV (Citybahn) irritieren lassen und haben aus gut nachvollziehbaren Gr\u00fcnden entschieden, dass eine Stra\u00dfenbahn (Citybahn) in Wiesbaden kaum einen\u00a0 entscheidenden Nutzen f\u00fcr die Gesamtsituation&hellip; <\/p>\n","protected":false},"author":8,"featured_media":0,"parent":0,"menu_order":0,"comment_status":"closed","ping_status":"closed","template":"","meta":{"footnotes":""},"class_list":["post-2037","page","type-page","status-publish","hentry"],"_links":{"self":[{"href":"https:\/\/mitbestimmung-citybahn.de\/mitbestimmung\/index.php?rest_route=\/wp\/v2\/pages\/2037","targetHints":{"allow":["GET"]}}],"collection":[{"href":"https:\/\/mitbestimmung-citybahn.de\/mitbestimmung\/index.php?rest_route=\/wp\/v2\/pages"}],"about":[{"href":"https:\/\/mitbestimmung-citybahn.de\/mitbestimmung\/index.php?rest_route=\/wp\/v2\/types\/page"}],"author":[{"embeddable":true,"href":"https:\/\/mitbestimmung-citybahn.de\/mitbestimmung\/index.php?rest_route=\/wp\/v2\/users\/8"}],"replies":[{"embeddable":true,"href":"https:\/\/mitbestimmung-citybahn.de\/mitbestimmung\/index.php?rest_route=%2Fwp%2Fv2%2Fcomments&post=2037"}],"version-history":[{"count":6,"href":"https:\/\/mitbestimmung-citybahn.de\/mitbestimmung\/index.php?rest_route=\/wp\/v2\/pages\/2037\/revisions"}],"predecessor-version":[{"id":2105,"href":"https:\/\/mitbestimmung-citybahn.de\/mitbestimmung\/index.php?rest_route=\/wp\/v2\/pages\/2037\/revisions\/2105"}],"wp:attachment":[{"href":"https:\/\/mitbestimmung-citybahn.de\/mitbestimmung\/index.php?rest_route=%2Fwp%2Fv2%2Fmedia&parent=2037"}],"curies":[{"name":"wp","href":"https:\/\/api.w.org\/{rel}","templated":true}]}}