{"id":2043,"date":"2020-10-23T20:45:05","date_gmt":"2020-10-23T18:45:05","guid":{"rendered":"https:\/\/mitbestimmung-citybahn.de\/mitbestimmung\/?page_id=2043"},"modified":"2020-10-24T14:03:29","modified_gmt":"2020-10-24T12:03:29","slug":"buergerentscheid-o-mat-auswertung-frage-3-ja","status":"publish","type":"page","link":"https:\/\/mitbestimmung-citybahn.de\/mitbestimmung\/?page_id=2043","title":{"rendered":"B\u00fcrgerentscheid-O-Mat \u00ae \u2013 Auswertung Frage 3 Ja"},"content":{"rendered":"<p>Sie z\u00e4hlen wirklich zu den knallharten Bef\u00fcrwortern einer Verkehrswende und der Einrichtung eines neuen schienengebundenen Massentransportmittels im \u00d6PNV (Citybahn) f\u00fcr mindestens die n\u00e4chsten 30 Jahre, auch wenn der \u00a0B\u00fcrgerentscheid-O-Mat \u00ae einiges unternommen hat, um Ihnen auch die Kehrseite der Medaille aufzuzeigen und Ihre \u00dcberzeugungen auf den Pr\u00fcfstand zu stellen.<\/p>\n<p>Sie haben es fast geschafft. Der B\u00fcrgerentscheid-O-Mat \u00ae hat nur noch eine letzte Frage zu stellen. Bitte gehen Sie zum letzten Schritt.<\/p>\n<p>Oder sicherheitshalber nochmal zur\u00fcck zur vorherigen Frage?<\/p>\n<p>&nbsp;<\/p>\n<table>\n<tbody>\n<tr>\n<td style=\"text-align: center;\" width=\"125\"><a href=\"https:\/\/mitbestimmung-citybahn.de\/mitbestimmung\/?page_id=2041\"><strong>zur\u00fcck zur vorherigen Frage<\/strong><\/a><\/td>\n<\/tr>\n<\/tbody>\n<\/table>\n<p>&nbsp;<\/p>\n<table>\n<tbody>\n<tr>\n<td style=\"text-align: center;\" width=\"125\"><a href=\"https:\/\/mitbestimmung-citybahn.de\/mitbestimmung\/?page_id=2052\"><strong>zum letzten Schritt<\/strong><\/a><\/td>\n<\/tr>\n<\/tbody>\n<\/table>\n<p>&nbsp;<\/p>\n<p>&nbsp;<\/p>\n","protected":false},"excerpt":{"rendered":"<p>Sie z\u00e4hlen wirklich zu den knallharten Bef\u00fcrwortern einer Verkehrswende und der Einrichtung eines neuen schienengebundenen Massentransportmittels im \u00d6PNV (Citybahn) f\u00fcr mindestens die n\u00e4chsten 30 Jahre, auch wenn der \u00a0B\u00fcrgerentscheid-O-Mat \u00ae einiges unternommen hat, um Ihnen auch die Kehrseite der Medaille aufzuzeigen und Ihre \u00dcberzeugungen auf den Pr\u00fcfstand zu stellen. Sie&hellip; <\/p>\n","protected":false},"author":8,"featured_media":0,"parent":0,"menu_order":0,"comment_status":"closed","ping_status":"closed","template":"","meta":{"footnotes":""},"class_list":["post-2043","page","type-page","status-publish","hentry"],"_links":{"self":[{"href":"https:\/\/mitbestimmung-citybahn.de\/mitbestimmung\/index.php?rest_route=\/wp\/v2\/pages\/2043","targetHints":{"allow":["GET"]}}],"collection":[{"href":"https:\/\/mitbestimmung-citybahn.de\/mitbestimmung\/index.php?rest_route=\/wp\/v2\/pages"}],"about":[{"href":"https:\/\/mitbestimmung-citybahn.de\/mitbestimmung\/index.php?rest_route=\/wp\/v2\/types\/page"}],"author":[{"embeddable":true,"href":"https:\/\/mitbestimmung-citybahn.de\/mitbestimmung\/index.php?rest_route=\/wp\/v2\/users\/8"}],"replies":[{"embeddable":true,"href":"https:\/\/mitbestimmung-citybahn.de\/mitbestimmung\/index.php?rest_route=%2Fwp%2Fv2%2Fcomments&post=2043"}],"version-history":[{"count":7,"href":"https:\/\/mitbestimmung-citybahn.de\/mitbestimmung\/index.php?rest_route=\/wp\/v2\/pages\/2043\/revisions"}],"predecessor-version":[{"id":2111,"href":"https:\/\/mitbestimmung-citybahn.de\/mitbestimmung\/index.php?rest_route=\/wp\/v2\/pages\/2043\/revisions\/2111"}],"wp:attachment":[{"href":"https:\/\/mitbestimmung-citybahn.de\/mitbestimmung\/index.php?rest_route=%2Fwp%2Fv2%2Fmedia&parent=2043"}],"curies":[{"name":"wp","href":"https:\/\/api.w.org\/{rel}","templated":true}]}}