{"id":2046,"date":"2020-10-23T20:47:02","date_gmt":"2020-10-23T18:47:02","guid":{"rendered":"https:\/\/mitbestimmung-citybahn.de\/mitbestimmung\/?page_id=2046"},"modified":"2020-10-24T14:03:44","modified_gmt":"2020-10-24T12:03:44","slug":"buergerentscheid-o-mat-auswertung-frage-3-nein","status":"publish","type":"page","link":"https:\/\/mitbestimmung-citybahn.de\/mitbestimmung\/?page_id=2046","title":{"rendered":"B\u00fcrgerentscheid-O-Mat \u00ae \u2013 Auswertung Frage 3 Nein"},"content":{"rendered":"<p>Das hat jetzt doch ein wenig gedauert!<\/p>\n<p>Erst bei der notwendigen Abw\u00e4gung von Vor- und Nachteilen w\u00e4hrend eines 30-Jahres-Zeitraums hat Ihre Skepsis gegen eine Verkehrswende und der Einrichtung eines neuen schienengebundenen Massentransportmittels im \u00d6PNV (Citybahn) gesiegt und sie haben nun doch vern\u00fcnftigerweise mit Nein geantwortet.<\/p>\n<p>Der B\u00fcrgerentscheid-O-Mat \u00ae ist damit f\u00fcr Sie abgeschlossen.<\/p>\n<p>Wir empfehlen Ihnen dringend, beim B\u00fcrgerentscheid mit Nein abzustimmen.<\/p>\n<p>Oder sicherheitshalber nochmal zur\u00fcck zur vorherigen Frage?<\/p>\n<p>&nbsp;<\/p>\n<table>\n<tbody>\n<tr>\n<td style=\"text-align: center;\" width=\"125\"><a href=\"https:\/\/mitbestimmung-citybahn.de\/mitbestimmung\/?page_id=2041\"><strong>zur\u00fcck zur vorherigen Frage<\/strong><\/a><\/td>\n<\/tr>\n<\/tbody>\n<\/table>\n<p>&nbsp;<\/p>\n<table>\n<tbody>\n<tr>\n<td style=\"text-align: center;\" width=\"125\"><a href=\"https:\/\/mitbestimmung-citybahn.de\/mitbestimmung\/\"><strong>Beenden<\/strong><\/a><\/td>\n<\/tr>\n<\/tbody>\n<\/table>\n<p>&nbsp;<\/p>\n","protected":false},"excerpt":{"rendered":"<p>Das hat jetzt doch ein wenig gedauert! Erst bei der notwendigen Abw\u00e4gung von Vor- und Nachteilen w\u00e4hrend eines 30-Jahres-Zeitraums hat Ihre Skepsis gegen eine Verkehrswende und der Einrichtung eines neuen schienengebundenen Massentransportmittels im \u00d6PNV (Citybahn) gesiegt und sie haben nun doch vern\u00fcnftigerweise mit Nein geantwortet. Der B\u00fcrgerentscheid-O-Mat \u00ae ist damit&hellip; <\/p>\n","protected":false},"author":8,"featured_media":0,"parent":0,"menu_order":0,"comment_status":"closed","ping_status":"closed","template":"","meta":{"footnotes":""},"class_list":["post-2046","page","type-page","status-publish","hentry"],"_links":{"self":[{"href":"https:\/\/mitbestimmung-citybahn.de\/mitbestimmung\/index.php?rest_route=\/wp\/v2\/pages\/2046","targetHints":{"allow":["GET"]}}],"collection":[{"href":"https:\/\/mitbestimmung-citybahn.de\/mitbestimmung\/index.php?rest_route=\/wp\/v2\/pages"}],"about":[{"href":"https:\/\/mitbestimmung-citybahn.de\/mitbestimmung\/index.php?rest_route=\/wp\/v2\/types\/page"}],"author":[{"embeddable":true,"href":"https:\/\/mitbestimmung-citybahn.de\/mitbestimmung\/index.php?rest_route=\/wp\/v2\/users\/8"}],"replies":[{"embeddable":true,"href":"https:\/\/mitbestimmung-citybahn.de\/mitbestimmung\/index.php?rest_route=%2Fwp%2Fv2%2Fcomments&post=2046"}],"version-history":[{"count":8,"href":"https:\/\/mitbestimmung-citybahn.de\/mitbestimmung\/index.php?rest_route=\/wp\/v2\/pages\/2046\/revisions"}],"predecessor-version":[{"id":2112,"href":"https:\/\/mitbestimmung-citybahn.de\/mitbestimmung\/index.php?rest_route=\/wp\/v2\/pages\/2046\/revisions\/2112"}],"wp:attachment":[{"href":"https:\/\/mitbestimmung-citybahn.de\/mitbestimmung\/index.php?rest_route=%2Fwp%2Fv2%2Fmedia&parent=2046"}],"curies":[{"name":"wp","href":"https:\/\/api.w.org\/{rel}","templated":true}]}}