{"id":2056,"date":"2020-10-23T20:58:02","date_gmt":"2020-10-23T18:58:02","guid":{"rendered":"https:\/\/mitbestimmung-citybahn.de\/mitbestimmung\/?page_id=2056"},"modified":"2020-10-25T12:00:09","modified_gmt":"2020-10-25T11:00:09","slug":"buergerentscheid-o-mat-auswertung-frage-4-ja","status":"publish","type":"page","link":"https:\/\/mitbestimmung-citybahn.de\/mitbestimmung\/?page_id=2056","title":{"rendered":"B\u00fcrgerentscheid-O-Mat \u00ae \u2013 Auswertung Frage 4 Ja"},"content":{"rendered":"<p>Sie lassen sich durch nichts beeindrucken und vor allen Dingen spielen Geld und andere wichtige kommunale Aufgaben offenbar f\u00fcr Sie keine entscheidende Rolle, auch wenn man die n\u00e4chsten 30 Jahre kaum vorhersehen kann. \u00d6PNV mit einer Stra\u00dfenbahn (Citybahn) geht Ihnen \u00fcber alles und es gibt nichts Wichtigeres. Sie bef\u00fcrworten eine Verkehrswende und die Einrichtung eines neuen schienengebundenen Massentransportmittels im \u00d6PNV (Citybahn) \u201ekoste es was es wolle\u201c und auch dann, wenn sich dies als eine Art Luxus darstellt.<\/p>\n<p>Wollen Sie das wirklich oder sicherheitshalber nochmal zur\u00fcck zur letzten Frage?<\/p>\n<p>Falls Ihre Entscheidung endg\u00fcltig ist, so empfiehlt Ihnen der B\u00fcrgerentscheid-O-Mat \u00ae, beim B\u00fcrgerentscheid konsequenterweise mit Ja abzustimmen und sich ggfs. den Bef\u00fcrwortern der Verkehrswende und der Citybahn anzuschlie\u00dfen, falls nicht schon l\u00e4ngst geschehen. Wenn sie die Bef\u00fcrworter nach besten Kr\u00e4ften unterst\u00fctzen, findet sich vielleicht doch noch eine Mehrheit, die sich Ihrer Meinung beim B\u00fcrgerentscheid anschlie\u00dft. Dies wird wohl eher schwierig. Trotzdem unter Sportsfreunden: Kopf hoch!<\/p>\n<p>&nbsp;<\/p>\n<table>\n<tbody>\n<tr>\n<td style=\"text-align: center;\" width=\"125\"><a href=\"https:\/\/mitbestimmung-citybahn.de\/mitbestimmung\/?page_id=2052\"><strong>zur\u00fcck zur letzten Frage<\/strong><\/a><\/td>\n<\/tr>\n<\/tbody>\n<\/table>\n<p>&nbsp;<\/p>\n<table>\n<tbody>\n<tr>\n<td style=\"text-align: center;\" width=\"276\"><a href=\"https:\/\/www.citybahn-verbindet.de\/#\"><strong>zum Werbeauftritt der Citybahn GmbH<\/strong><\/a><\/td>\n<\/tr>\n<\/tbody>\n<\/table>\n<p>&nbsp;<\/p>\n<table>\n<tbody>\n<tr>\n<td style=\"text-align: center;\" width=\"125\"><a href=\"https:\/\/mitbestimmung-citybahn.de\/mitbestimmung\/\"><strong>Beenden<\/strong><\/a><\/td>\n<\/tr>\n<\/tbody>\n<\/table>\n<p>&nbsp;<\/p>\n","protected":false},"excerpt":{"rendered":"<p>Sie lassen sich durch nichts beeindrucken und vor allen Dingen spielen Geld und andere wichtige kommunale Aufgaben offenbar f\u00fcr Sie keine entscheidende Rolle, auch wenn man die n\u00e4chsten 30 Jahre kaum vorhersehen kann. \u00d6PNV mit einer Stra\u00dfenbahn (Citybahn) geht Ihnen \u00fcber alles und es gibt nichts Wichtigeres. Sie bef\u00fcrworten eine&hellip; <\/p>\n","protected":false},"author":8,"featured_media":0,"parent":0,"menu_order":0,"comment_status":"closed","ping_status":"closed","template":"","meta":{"footnotes":""},"class_list":["post-2056","page","type-page","status-publish","hentry"],"_links":{"self":[{"href":"https:\/\/mitbestimmung-citybahn.de\/mitbestimmung\/index.php?rest_route=\/wp\/v2\/pages\/2056","targetHints":{"allow":["GET"]}}],"collection":[{"href":"https:\/\/mitbestimmung-citybahn.de\/mitbestimmung\/index.php?rest_route=\/wp\/v2\/pages"}],"about":[{"href":"https:\/\/mitbestimmung-citybahn.de\/mitbestimmung\/index.php?rest_route=\/wp\/v2\/types\/page"}],"author":[{"embeddable":true,"href":"https:\/\/mitbestimmung-citybahn.de\/mitbestimmung\/index.php?rest_route=\/wp\/v2\/users\/8"}],"replies":[{"embeddable":true,"href":"https:\/\/mitbestimmung-citybahn.de\/mitbestimmung\/index.php?rest_route=%2Fwp%2Fv2%2Fcomments&post=2056"}],"version-history":[{"count":15,"href":"https:\/\/mitbestimmung-citybahn.de\/mitbestimmung\/index.php?rest_route=\/wp\/v2\/pages\/2056\/revisions"}],"predecessor-version":[{"id":2144,"href":"https:\/\/mitbestimmung-citybahn.de\/mitbestimmung\/index.php?rest_route=\/wp\/v2\/pages\/2056\/revisions\/2144"}],"wp:attachment":[{"href":"https:\/\/mitbestimmung-citybahn.de\/mitbestimmung\/index.php?rest_route=%2Fwp%2Fv2%2Fmedia&parent=2056"}],"curies":[{"name":"wp","href":"https:\/\/api.w.org\/{rel}","templated":true}]}}