{"id":2061,"date":"2020-10-23T21:03:06","date_gmt":"2020-10-23T19:03:06","guid":{"rendered":"https:\/\/mitbestimmung-citybahn.de\/mitbestimmung\/?page_id=2061"},"modified":"2020-10-24T21:01:43","modified_gmt":"2020-10-24T19:01:43","slug":"buergerentscheid-o-mat-auswertung-frage-4-nein","status":"publish","type":"page","link":"https:\/\/mitbestimmung-citybahn.de\/mitbestimmung\/?page_id=2061","title":{"rendered":"B\u00fcrgerentscheid-O-Mat \u00ae \u2013 Auswertung Frage 4 Nein"},"content":{"rendered":"<p>Das war wirklich ein langer Weg der Entscheidungsfindung, aber immerhin hat am Ende doch die Vernunft bei Ihnen gesiegt.<\/p>\n<p>Nicht alles, was tats\u00e4chlich w\u00fcnschenswert und sogar \u00fcberwiegend vorteilhaft w\u00e4re, ist auch verh\u00e4ltnism\u00e4\u00dfig. Wiesbaden hat viele kommunale Aufgaben wahrzunehmen und kann nicht alles dem \u00d6PNV unterordnen. Mehr Komfort im \u00d6PNV gibt es nicht zum Nulltarif, sondern nur auf Kosten anderer Projekte, die f\u00fcr die Gesamtheit aller Einwohner wichtig w\u00e4ren.<\/p>\n<p>Der B\u00fcrgerentscheid-O-Mat \u00ae ist damit f\u00fcr Sie abgeschlossen.<\/p>\n<p>Wir empfehlen Ihnen dringend, beim B\u00fcrgerentscheid mit Nein abzustimmen.<\/p>\n<p>Oder sicherheitshalber nochmal zur\u00fcck zur letzten Frage?<\/p>\n<p>&nbsp;<\/p>\n<table>\n<tbody>\n<tr>\n<td style=\"text-align: center;\" width=\"125\"><a href=\"https:\/\/mitbestimmung-citybahn.de\/mitbestimmung\/?page_id=2052\"><strong>zur\u00fcck zur letzten Frage<\/strong><\/a><\/td>\n<\/tr>\n<\/tbody>\n<\/table>\n<p>&nbsp;<\/p>\n<table>\n<tbody>\n<tr>\n<td style=\"text-align: center;\" width=\"125\"><a href=\"https:\/\/mitbestimmung-citybahn.de\/mitbestimmung\/\"><strong>Beenden<\/strong><\/a><\/td>\n<\/tr>\n<\/tbody>\n<\/table>\n<p>&nbsp;<\/p>\n<p>&nbsp;<\/p>\n","protected":false},"excerpt":{"rendered":"<p>Das war wirklich ein langer Weg der Entscheidungsfindung, aber immerhin hat am Ende doch die Vernunft bei Ihnen gesiegt. Nicht alles, was tats\u00e4chlich w\u00fcnschenswert und sogar \u00fcberwiegend vorteilhaft w\u00e4re, ist auch verh\u00e4ltnism\u00e4\u00dfig. Wiesbaden hat viele kommunale Aufgaben wahrzunehmen und kann nicht alles dem \u00d6PNV unterordnen. Mehr Komfort im \u00d6PNV gibt&hellip; <\/p>\n","protected":false},"author":8,"featured_media":0,"parent":0,"menu_order":0,"comment_status":"closed","ping_status":"closed","template":"","meta":{"footnotes":""},"class_list":["post-2061","page","type-page","status-publish","hentry"],"_links":{"self":[{"href":"https:\/\/mitbestimmung-citybahn.de\/mitbestimmung\/index.php?rest_route=\/wp\/v2\/pages\/2061","targetHints":{"allow":["GET"]}}],"collection":[{"href":"https:\/\/mitbestimmung-citybahn.de\/mitbestimmung\/index.php?rest_route=\/wp\/v2\/pages"}],"about":[{"href":"https:\/\/mitbestimmung-citybahn.de\/mitbestimmung\/index.php?rest_route=\/wp\/v2\/types\/page"}],"author":[{"embeddable":true,"href":"https:\/\/mitbestimmung-citybahn.de\/mitbestimmung\/index.php?rest_route=\/wp\/v2\/users\/8"}],"replies":[{"embeddable":true,"href":"https:\/\/mitbestimmung-citybahn.de\/mitbestimmung\/index.php?rest_route=%2Fwp%2Fv2%2Fcomments&post=2061"}],"version-history":[{"count":8,"href":"https:\/\/mitbestimmung-citybahn.de\/mitbestimmung\/index.php?rest_route=\/wp\/v2\/pages\/2061\/revisions"}],"predecessor-version":[{"id":2137,"href":"https:\/\/mitbestimmung-citybahn.de\/mitbestimmung\/index.php?rest_route=\/wp\/v2\/pages\/2061\/revisions\/2137"}],"wp:attachment":[{"href":"https:\/\/mitbestimmung-citybahn.de\/mitbestimmung\/index.php?rest_route=%2Fwp%2Fv2%2Fmedia&parent=2061"}],"curies":[{"name":"wp","href":"https:\/\/api.w.org\/{rel}","templated":true}]}}