{"id":42,"date":"2018-11-03T14:46:42","date_gmt":"2018-11-03T14:46:42","guid":{"rendered":"http:\/\/mitbestimmung-citybahn.de\/mitbestimmung\/?page_id=42"},"modified":"2020-09-08T21:55:48","modified_gmt":"2020-09-08T19:55:48","slug":"galerien","status":"publish","type":"page","link":"https:\/\/mitbestimmung-citybahn.de\/mitbestimmung\/?page_id=42","title":{"rendered":"Galerien"},"content":{"rendered":"<p>&nbsp;<\/p>\n<h5><strong>\u00dcbersichtspl\u00e4ne zur geplanten Streckenf\u00fchrung<\/strong><\/h5>\n<p>In der\u00a0von ESWE Verkehr beauftragten Machbarkeitsstudie vom November 2016 wurden verschiedene Streckenvarianten technisch untersucht und diskutiert. Der nachfolgende Auszug aus der Machbarkeitsstudie stellte die damalige Vorzugsvariante mit einer Strecke seitlich der Mainzer Stra\u00dfe und \u00fcber den Bahnhof Ost dar, welche als Voraussetzung von einer sp\u00e4teren Anbindung an die vorhandene\u00a0Mainzer Stra\u00dfenbahn und\u00a0der Spurweite einer so genannten\u00a0\u201eMeterspur\u201c ausgeht.<\/p>\n<div id=\"attachment_594\" style=\"width: 1034px\" class=\"wp-caption aligncenter\"><img loading=\"lazy\" decoding=\"async\" aria-describedby=\"caption-attachment-594\" class=\"wp-image-594 size-full\" src=\"http:\/\/mitbestimmung-citybahn.de\/mitbestimmung\/wp-content\/uploads\/2018\/11\/BI-CB-Wo001-Auszug-Machbarkeitsstudie-ESWE-Abschnitt-Wiesbaden-MZ-Kastel-1024x786.png\" alt=\"\" width=\"1024\" height=\"786\" srcset=\"https:\/\/mitbestimmung-citybahn.de\/mitbestimmung\/wp-content\/uploads\/2018\/11\/BI-CB-Wo001-Auszug-Machbarkeitsstudie-ESWE-Abschnitt-Wiesbaden-MZ-Kastel-1024x786.png 1024w, https:\/\/mitbestimmung-citybahn.de\/mitbestimmung\/wp-content\/uploads\/2018\/11\/BI-CB-Wo001-Auszug-Machbarkeitsstudie-ESWE-Abschnitt-Wiesbaden-MZ-Kastel-1024x786-300x230.png 300w, https:\/\/mitbestimmung-citybahn.de\/mitbestimmung\/wp-content\/uploads\/2018\/11\/BI-CB-Wo001-Auszug-Machbarkeitsstudie-ESWE-Abschnitt-Wiesbaden-MZ-Kastel-1024x786-768x590.png 768w\" sizes=\"auto, (max-width: 1024px) 100vw, 1024px\" \/><p id=\"caption-attachment-594\" class=\"wp-caption-text\">Auszug Machbarkeitsstudie ESWE Abschnitt Wiesbaden \u2013 MZ-Kastel<\/p><\/div>\n<p>Die obige \u201eVorzugsvariante\u201c vom November 2016\u00a0ist mit ihrer Streckenf\u00fchrung seit dem 12.12.2017 obsolet. Zusammen mit\u00a0der neuen Nutzen-Kosten-Untersuchung (NKU) wurde die \u201eVorzugsvariante\u201c als wesentlich weniger vorteilhaft\u00a0eingestuft und zugunsten einer \u201eVorschlagslinienf\u00fchrung\u201c \u00fcber die Biebricher Allee und Biebrich aufgegeben.<\/p>\n<div id=\"attachment_242\" style=\"width: 703px\" class=\"wp-caption aligncenter\"><img loading=\"lazy\" decoding=\"async\" aria-describedby=\"caption-attachment-242\" class=\"wp-image-242 size-full\" src=\"http:\/\/mitbestimmung-citybahn.de\/mitbestimmung\/wp-content\/uploads\/2018\/11\/2017-12-12-Vorschlagslinienf\u00fchrung-3-693x1024.png\" alt=\"\" width=\"693\" height=\"1024\" srcset=\"https:\/\/mitbestimmung-citybahn.de\/mitbestimmung\/wp-content\/uploads\/2018\/11\/2017-12-12-Vorschlagslinienf\u00fchrung-3-693x1024.png 693w, https:\/\/mitbestimmung-citybahn.de\/mitbestimmung\/wp-content\/uploads\/2018\/11\/2017-12-12-Vorschlagslinienf\u00fchrung-3-693x1024-203x300.png 203w\" sizes=\"auto, (max-width: 693px) 100vw, 693px\" \/><p id=\"caption-attachment-242\" class=\"wp-caption-text\">Vorschlagslinienf\u00fchrung vom 12.12.2017<\/p><\/div>\n<p>Diese \u201eVorschlagslinienf\u00fchrung\u201c sah\u00a0an den dunkelblau kenntlich gemachten Stellen\u00a0 Alternativrouten vor, n\u00e4mlich<\/p>\n<ol>\n<li>entweder (wie bisher)\u00a0eine Gleisstrecke von der Bahnhofstra\u00dfe \u00fcber die Luisenstra\u00dfe und die Dotzheimer Stra\u00dfe zur Klarenthaler Stra\u00dfe oder (neu) \u00fcber die Rheintra\u00dfe und die Ringkirche zur Klarenthaler Stra\u00dfe,<\/li>\n<li>entweder eine Gleisf\u00fchrung in Biebrich\u00a0von der Stra\u00dfe der Republik \u00fcber den Herzogplatz in die Kasteler Stra\u00dfe oder\u00a0\u00fcber die Breslauer Stra\u00dfe\/Rudolf-Dyckerhoff-Stra\u00dfe\/Diltheystra\u00dfe in die Kasteler Stra\u00dfe und<\/li>\n<li>auf Mainzer Seite verschiedene Varianten ab der Theodor-Heuss-Br\u00fccke zum Hauptbahnhof.<\/li>\n<\/ol>\n<p>Eine Besonderheit ist ein weiterer Streckenast, der vom Hauptbahnhof \u00fcber den 1. Ring zum so genannten \u201eQuartiersboulevard\u201c gef\u00fchrt werden soll, also parallel zur Mainzer Stra\u00dfe und zur Hasengartenstra\u00dfe. Diese zus\u00e4tzliche Streckenast ist mit einer gestrichelten Linie in der Grafik kenntlich gemacht.<\/p>\n<p>Diese \u201eVorschlagslinienf\u00fchrung\u201c vom 12.12.2017 ist dann Anfang April 2018 teils pr\u00e4zisiert, teils ge\u00e4ndert worden.<\/p>\n<div id=\"attachment_421\" style=\"width: 691px\" class=\"wp-caption aligncenter\"><img loading=\"lazy\" decoding=\"async\" aria-describedby=\"caption-attachment-421\" class=\"wp-image-421 size-full\" src=\"http:\/\/mitbestimmung-citybahn.de\/mitbestimmung\/wp-content\/uploads\/2018\/11\/2018-04-03-Vorschlagslinienf\u00fchrung-CB.jpg\" alt=\"\" width=\"681\" height=\"960\" srcset=\"https:\/\/mitbestimmung-citybahn.de\/mitbestimmung\/wp-content\/uploads\/2018\/11\/2018-04-03-Vorschlagslinienf\u00fchrung-CB.jpg 681w, https:\/\/mitbestimmung-citybahn.de\/mitbestimmung\/wp-content\/uploads\/2018\/11\/2018-04-03-Vorschlagslinienf\u00fchrung-CB-213x300.jpg 213w\" sizes=\"auto, (max-width: 681px) 100vw, 681px\" \/><p id=\"caption-attachment-421\" class=\"wp-caption-text\">Vorschlagslinienf\u00fchrung CityBahn GmbH vom 03.04.2018<\/p><\/div>\n<p>Die Streckenf\u00fchrung \u00fcber die Dotzheimer Stra\u00dfe und die Luisenstra\u00dfe ist Geschichte, die Citybahn-Trasse soll nun definitiv \u00fcber die Ringkirche und die Rheinstra\u00dfe gebaut werden. Von\u00a0Biebrich soll es nun nicht mehr \u00fcber den Bahnhof Wiesbaden Ost, sondern quasi am Rhein entlang zur Theodor-Heuss-Br\u00fccke gehen.<\/p>\n<p>Wie es dann auf Mainzer Seite von der Theodor-Heuss-Br\u00fccke zum Hauptbahnhof Mainz weiter geht, d.h. entweder \u00fcber die Kaiserstra\u00dfe, oder die Gro\u00dfe Bleiche oder die Quintinstra\u00dfe, steht noch nicht fest.<\/p>\n<p>Auf den\u00a0Unterseiten zu dieser Seite haben wir\u00a0weitere Mediainhalte mit einigen von uns herausgearbeiteten\u00a0Details eingestellt.<\/p>\n<p><a href=\"http:\/\/mitbestimmung-citybahn.de\/mitbestimmung\/?page_id=44\">Streckenplanung Citybahn\u00a0(nur\u00a0Wiesbadener\u00a0Stadtgebiet)<\/a><\/p>\n<p><a href=\"http:\/\/mitbestimmung-citybahn.de\/mitbestimmung\/?page_id=46\">Fotos der Mainzelbahn<\/a><\/p>\n<p><a href=\"http:\/\/mitbestimmung-citybahn.de\/mitbestimmung\/?page_id=48\">Videos der Mainzelbahn<\/a><\/p>\n","protected":false},"excerpt":{"rendered":"<p>&nbsp; \u00dcbersichtspl\u00e4ne zur geplanten Streckenf\u00fchrung In der\u00a0von ESWE Verkehr beauftragten Machbarkeitsstudie vom November 2016 wurden verschiedene Streckenvarianten technisch untersucht und diskutiert. Der nachfolgende Auszug aus der Machbarkeitsstudie stellte die damalige Vorzugsvariante mit einer Strecke seitlich der Mainzer Stra\u00dfe und \u00fcber den Bahnhof Ost dar, welche als Voraussetzung von einer sp\u00e4teren&hellip; <\/p>\n","protected":false},"author":1,"featured_media":0,"parent":0,"menu_order":15,"comment_status":"closed","ping_status":"closed","template":"","meta":{"footnotes":""},"class_list":["post-42","page","type-page","status-publish","hentry"],"_links":{"self":[{"href":"https:\/\/mitbestimmung-citybahn.de\/mitbestimmung\/index.php?rest_route=\/wp\/v2\/pages\/42","targetHints":{"allow":["GET"]}}],"collection":[{"href":"https:\/\/mitbestimmung-citybahn.de\/mitbestimmung\/index.php?rest_route=\/wp\/v2\/pages"}],"about":[{"href":"https:\/\/mitbestimmung-citybahn.de\/mitbestimmung\/index.php?rest_route=\/wp\/v2\/types\/page"}],"author":[{"embeddable":true,"href":"https:\/\/mitbestimmung-citybahn.de\/mitbestimmung\/index.php?rest_route=\/wp\/v2\/users\/1"}],"replies":[{"embeddable":true,"href":"https:\/\/mitbestimmung-citybahn.de\/mitbestimmung\/index.php?rest_route=%2Fwp%2Fv2%2Fcomments&post=42"}],"version-history":[{"count":4,"href":"https:\/\/mitbestimmung-citybahn.de\/mitbestimmung\/index.php?rest_route=\/wp\/v2\/pages\/42\/revisions"}],"predecessor-version":[{"id":750,"href":"https:\/\/mitbestimmung-citybahn.de\/mitbestimmung\/index.php?rest_route=\/wp\/v2\/pages\/42\/revisions\/750"}],"wp:attachment":[{"href":"https:\/\/mitbestimmung-citybahn.de\/mitbestimmung\/index.php?rest_route=%2Fwp%2Fv2%2Fmedia&parent=42"}],"curies":[{"name":"wp","href":"https:\/\/api.w.org\/{rel}","templated":true}]}}