{"id":50,"date":"2018-11-03T14:50:37","date_gmt":"2018-11-03T14:50:37","guid":{"rendered":"http:\/\/mitbestimmung-citybahn.de\/mitbestimmung\/?page_id=50"},"modified":"2018-11-18T12:32:07","modified_gmt":"2018-11-18T11:32:07","slug":"presse","status":"publish","type":"page","link":"https:\/\/mitbestimmung-citybahn.de\/mitbestimmung\/?page_id=50","title":{"rendered":"Presse"},"content":{"rendered":"<p>&nbsp;<\/p>\n<h5><strong>Audio- und Videobeitr\u00e4ge<\/strong><\/h5>\n<p>&nbsp;<\/p>\n<p>Wir verfolgen st\u00e4ndig die Berichterstattung in der Presse \u00fcber das Vorhaben der\u00a0 Citybahn und verwandte Themen. Auf den Unterseiten haben wir die einzelnen Presseberichte unterteilt in <a href=\"http:\/\/mitbestimmung-citybahn.de\/mitbestimmung\/?page_id=54\">\u201ePrint\u201c<\/a> und <a href=\"http:\/\/mitbestimmung-citybahn.de\/mitbestimmung\/?page_id=52\">\u201eAudio und Video\u201c<\/a> eingestellt.<\/p>\n<p>&nbsp;<\/p>\n<p>&nbsp;<\/p>\n","protected":false},"excerpt":{"rendered":"<p>&nbsp; Audio- und Videobeitr\u00e4ge &nbsp; Wir verfolgen st\u00e4ndig die Berichterstattung in der Presse \u00fcber das Vorhaben der\u00a0 Citybahn und verwandte Themen. Auf den Unterseiten haben wir die einzelnen Presseberichte unterteilt in \u201ePrint\u201c und \u201eAudio und Video\u201c eingestellt. &nbsp; &nbsp;<\/p>\n","protected":false},"author":1,"featured_media":0,"parent":0,"menu_order":19,"comment_status":"closed","ping_status":"closed","template":"","meta":{"footnotes":""},"class_list":["post-50","page","type-page","status-publish","hentry"],"_links":{"self":[{"href":"https:\/\/mitbestimmung-citybahn.de\/mitbestimmung\/index.php?rest_route=\/wp\/v2\/pages\/50","targetHints":{"allow":["GET"]}}],"collection":[{"href":"https:\/\/mitbestimmung-citybahn.de\/mitbestimmung\/index.php?rest_route=\/wp\/v2\/pages"}],"about":[{"href":"https:\/\/mitbestimmung-citybahn.de\/mitbestimmung\/index.php?rest_route=\/wp\/v2\/types\/page"}],"author":[{"embeddable":true,"href":"https:\/\/mitbestimmung-citybahn.de\/mitbestimmung\/index.php?rest_route=\/wp\/v2\/users\/1"}],"replies":[{"embeddable":true,"href":"https:\/\/mitbestimmung-citybahn.de\/mitbestimmung\/index.php?rest_route=%2Fwp%2Fv2%2Fcomments&post=50"}],"version-history":[{"count":5,"href":"https:\/\/mitbestimmung-citybahn.de\/mitbestimmung\/index.php?rest_route=\/wp\/v2\/pages\/50\/revisions"}],"predecessor-version":[{"id":819,"href":"https:\/\/mitbestimmung-citybahn.de\/mitbestimmung\/index.php?rest_route=\/wp\/v2\/pages\/50\/revisions\/819"}],"wp:attachment":[{"href":"https:\/\/mitbestimmung-citybahn.de\/mitbestimmung\/index.php?rest_route=%2Fwp%2Fv2%2Fmedia&parent=50"}],"curies":[{"name":"wp","href":"https:\/\/api.w.org\/{rel}","templated":true}]}}