{"id":52,"date":"2018-11-03T14:51:18","date_gmt":"2018-11-03T14:51:18","guid":{"rendered":"http:\/\/mitbestimmung-citybahn.de\/mitbestimmung\/?page_id=52"},"modified":"2020-09-08T22:10:36","modified_gmt":"2020-09-08T20:10:36","slug":"audio-und-video","status":"publish","type":"page","link":"https:\/\/mitbestimmung-citybahn.de\/mitbestimmung\/?page_id=52","title":{"rendered":"Audio &#038; Video Medien &#038; Klingelton"},"content":{"rendered":"<h5>Audio- und Videobeitr\u00e4ge Medien &amp; Citybahn Klingelton<\/h5>\n<h5>30.08.2020<\/h5>\n<p>BI Mitbestimmung Citybahn Klingelton, von der Mainzelbahn live vor Ort August 2020<\/p>\n<audio class=\"wp-audio-shortcode\" id=\"audio-52-1\" preload=\"none\" style=\"width: 100%;\" controls=\"controls\"><source type=\"audio\/mpeg\" src=\"https:\/\/mitbestimmung-citybahn.de\/mitbestimmung\/wp-content\/uploads\/2020\/09\/Klingelton-Mainzelbahn.m4a?_=1\" \/><a href=\"https:\/\/mitbestimmung-citybahn.de\/mitbestimmung\/wp-content\/uploads\/2020\/09\/Klingelton-Mainzelbahn.m4a\">https:\/\/mitbestimmung-citybahn.de\/mitbestimmung\/wp-content\/uploads\/2020\/09\/Klingelton-Mainzelbahn.m4a<\/a><\/audio>\n<p>&nbsp;<\/p>\n<h5>18.03.2019<\/h5>\n<p>SAT.1 Regionalmagazin &#8211; Fernsehbeitrag \u00fcber die Einreichung des B\u00fcrgerbegehrens<\/p>\n<div style=\"width: 640px;\" class=\"wp-video\"><video class=\"wp-video-shortcode\" id=\"video-52-1\" width=\"640\" height=\"360\" preload=\"metadata\" controls=\"controls\"><source type=\"video\/mp4\" src=\"http:\/\/mitbestimmung-citybahn.de\/mitbestimmung\/wp-content\/uploads\/2019\/03\/2019-03-18-SAT.1-Regionalmagazin-Uebergabe-Buergerbegehren.mp4?_=1\" \/><a href=\"http:\/\/mitbestimmung-citybahn.de\/mitbestimmung\/wp-content\/uploads\/2019\/03\/2019-03-18-SAT.1-Regionalmagazin-Uebergabe-Buergerbegehren.mp4\">http:\/\/mitbestimmung-citybahn.de\/mitbestimmung\/wp-content\/uploads\/2019\/03\/2019-03-18-SAT.1-Regionalmagazin-Uebergabe-Buergerbegehren.mp4<\/a><\/video><\/div>\n<p>RTL Hessen &#8211; Fernsehbeitrag \u00fcber die Einreichung des B\u00fcrgerbegehrens<\/p>\n<div style=\"width: 700px;\" class=\"wp-video\"><video class=\"wp-video-shortcode\" id=\"video-52-2\" width=\"700\" height=\"394\" preload=\"metadata\" controls=\"controls\"><source type=\"video\/mp4\" src=\"http:\/\/mitbestimmung-citybahn.de\/mitbestimmung\/wp-content\/uploads\/2019\/03\/2019-03-18-RTL-Hessen-Uebergabe-Buergerbehren.mp4?_=2\" \/><a href=\"http:\/\/mitbestimmung-citybahn.de\/mitbestimmung\/wp-content\/uploads\/2019\/03\/2019-03-18-RTL-Hessen-Uebergabe-Buergerbehren.mp4\">http:\/\/mitbestimmung-citybahn.de\/mitbestimmung\/wp-content\/uploads\/2019\/03\/2019-03-18-RTL-Hessen-Uebergabe-Buergerbehren.mp4<\/a><\/video><\/div>\n<h5><\/h5>\n<h5>21.01.2019<\/h5>\n<p>SAT. 1 Regionalmagazin &#8211; Fernsehbeitrag \u00fcber unser B\u00fcrgerbegehren<\/p>\n<div style=\"width: 512px;\" class=\"wp-video\"><video class=\"wp-video-shortcode\" id=\"video-52-3\" width=\"512\" height=\"288\" preload=\"metadata\" controls=\"controls\"><source type=\"video\/mp4\" src=\"http:\/\/mitbestimmung-citybahn.de\/mitbestimmung\/wp-content\/uploads\/2019\/01\/2019-01-21-SAT1-Regional-B\u00fcrgerbegehren-Citybahn.mp4?_=3\" \/><a href=\"http:\/\/mitbestimmung-citybahn.de\/mitbestimmung\/wp-content\/uploads\/2019\/01\/2019-01-21-SAT1-Regional-B\u00fcrgerbegehren-Citybahn.mp4\">http:\/\/mitbestimmung-citybahn.de\/mitbestimmung\/wp-content\/uploads\/2019\/01\/2019-01-21-SAT1-Regional-B\u00fcrgerbegehren-Citybahn.mp4<\/a><\/video><\/div>\n<p>&nbsp;<\/p>\n<h5>07.01.2019<\/h5>\n<p>Antenne Mainz &#8211; H\u00f6rfunkbeitrag zum Start B\u00fcrgerbegehren mit Kurzinterview<\/p>\n<audio class=\"wp-audio-shortcode\" id=\"audio-52-2\" preload=\"none\" style=\"width: 100%;\" controls=\"controls\"><source type=\"audio\/mpeg\" src=\"http:\/\/mitbestimmung-citybahn.de\/mitbestimmung\/wp-content\/uploads\/2019\/01\/2019-01-07-Antenne-Mainz-B\u00fcrgerbegehren-Kurzinterview.mp3?_=2\" \/><a href=\"http:\/\/mitbestimmung-citybahn.de\/mitbestimmung\/wp-content\/uploads\/2019\/01\/2019-01-07-Antenne-Mainz-B\u00fcrgerbegehren-Kurzinterview.mp3\">http:\/\/mitbestimmung-citybahn.de\/mitbestimmung\/wp-content\/uploads\/2019\/01\/2019-01-07-Antenne-Mainz-B\u00fcrgerbegehren-Kurzinterview.mp3<\/a><\/audio>\n<p>&nbsp;<\/p>\n<h5>04.01.2019<\/h5>\n<p>Hit Radio FFH &#8211; H\u00f6rfunkbeitrag zum Start B\u00fcrgerbegehren mit Kurzinterview<\/p>\n<audio class=\"wp-audio-shortcode\" id=\"audio-52-3\" preload=\"none\" style=\"width: 100%;\" controls=\"controls\"><source type=\"audio\/mpeg\" src=\"http:\/\/mitbestimmung-citybahn.de\/mitbestimmung\/wp-content\/uploads\/2019\/01\/2019-01-04-FFH-B\u00fcrgerbegehren-Kurzinterview.mp3?_=3\" \/><a href=\"http:\/\/mitbestimmung-citybahn.de\/mitbestimmung\/wp-content\/uploads\/2019\/01\/2019-01-04-FFH-B\u00fcrgerbegehren-Kurzinterview.mp3\">http:\/\/mitbestimmung-citybahn.de\/mitbestimmung\/wp-content\/uploads\/2019\/01\/2019-01-04-FFH-B\u00fcrgerbegehren-Kurzinterview.mp3<\/a><\/audio>\n<p>HR Info &#8211; H\u00f6rfunkbeitrag zum Start B\u00fcrgerbegehren<\/p>\n<audio class=\"wp-audio-shortcode\" id=\"audio-52-4\" preload=\"none\" style=\"width: 100%;\" controls=\"controls\"><source type=\"audio\/mpeg\" src=\"http:\/\/mitbestimmung-citybahn.de\/mitbestimmung\/wp-content\/uploads\/2019\/02\/2019-01-04-HRInfo-Start-B\u00fcrgerbegehren.mp3?_=4\" \/><a href=\"http:\/\/mitbestimmung-citybahn.de\/mitbestimmung\/wp-content\/uploads\/2019\/02\/2019-01-04-HRInfo-Start-B\u00fcrgerbegehren.mp3\">http:\/\/mitbestimmung-citybahn.de\/mitbestimmung\/wp-content\/uploads\/2019\/02\/2019-01-04-HRInfo-Start-B\u00fcrgerbegehren.mp3<\/a><\/audio>\n<p>&nbsp;<\/p>\n<h5>01.02.2018<\/h5>\n<p>Antenne Mainz \u2013 H\u00f6rfunkbeitrag \u00fcber die Citybahn mit Interview \u2013 Teil 1<\/p>\n<audio class=\"wp-audio-shortcode\" id=\"audio-52-5\" preload=\"none\" style=\"width: 100%;\" controls=\"controls\"><source type=\"audio\/mpeg\" src=\"http:\/\/mitbestimmung-citybahn.de\/mitbestimmung\/wp-content\/uploads\/2018\/11\/2018-02-01-Antenne-Mainz-Beitrag-mit-Interview-1.mp3?_=5\" \/><a href=\"http:\/\/mitbestimmung-citybahn.de\/mitbestimmung\/wp-content\/uploads\/2018\/11\/2018-02-01-Antenne-Mainz-Beitrag-mit-Interview-1.mp3\">http:\/\/mitbestimmung-citybahn.de\/mitbestimmung\/wp-content\/uploads\/2018\/11\/2018-02-01-Antenne-Mainz-Beitrag-mit-Interview-1.mp3<\/a><\/audio>\n<p>Antenne Mainz \u2013 H\u00f6rfunkbeitrag \u00fcber die Citybahn mit Interview \u2013 Teil 2<\/p>\n<audio class=\"wp-audio-shortcode\" id=\"audio-52-6\" preload=\"none\" style=\"width: 100%;\" controls=\"controls\"><source type=\"audio\/mpeg\" src=\"http:\/\/mitbestimmung-citybahn.de\/mitbestimmung\/wp-content\/uploads\/2018\/11\/2018-02-01-Antenne-Mainz-Beitrag-mit-Interview-2.mp3?_=6\" \/><a href=\"http:\/\/mitbestimmung-citybahn.de\/mitbestimmung\/wp-content\/uploads\/2018\/11\/2018-02-01-Antenne-Mainz-Beitrag-mit-Interview-2.mp3\">http:\/\/mitbestimmung-citybahn.de\/mitbestimmung\/wp-content\/uploads\/2018\/11\/2018-02-01-Antenne-Mainz-Beitrag-mit-Interview-2.mp3<\/a><\/audio>\n<p>&nbsp;<\/p>\n<h5>12.12.2017<\/h5>\n<p>Hit Radio FFH \u2013 H\u00f6rfunkbeitrag \u00fcber die Citybahn mit Interview<\/p>\n<audio class=\"wp-audio-shortcode\" id=\"audio-52-7\" preload=\"none\" style=\"width: 100%;\" controls=\"controls\"><source type=\"audio\/mpeg\" src=\"http:\/\/mitbestimmung-citybahn.de\/mitbestimmung\/wp-content\/uploads\/2018\/11\/2017-12-12-Hit-Radio-FFH-Beitrag-mit-Interview.mp3?_=7\" \/><a href=\"http:\/\/mitbestimmung-citybahn.de\/mitbestimmung\/wp-content\/uploads\/2018\/11\/2017-12-12-Hit-Radio-FFH-Beitrag-mit-Interview.mp3\">http:\/\/mitbestimmung-citybahn.de\/mitbestimmung\/wp-content\/uploads\/2018\/11\/2017-12-12-Hit-Radio-FFH-Beitrag-mit-Interview.mp3<\/a><\/audio>\n<p>&nbsp;<\/p>\n<p>Hessischer Rundfunk \u2013 hessenschau kompakt \u2013 Fernsehbeitrag \u00fcber Pressekonferenz\u00a0und Vorstellung einer neuen Nutzen-Kosten-Untersuchung (NKU) im Wiesbadener Rathaus mit Interview<\/p>\n<div style=\"width: 512px;\" class=\"wp-video\"><video class=\"wp-video-shortcode\" id=\"video-52-4\" width=\"512\" height=\"288\" poster=\"http:\/\/mitbestimmung-citybahn.de\/mitbestimmung\/wp-content\/uploads\/2018\/11\/2017-12-12-22-30-hessenschau-kompakt-Standbild-1024x573.png\" preload=\"metadata\" controls=\"controls\"><source type=\"video\/mp4\" src=\"http:\/\/mitbestimmung-citybahn.de\/mitbestimmung\/wp-content\/uploads\/2018\/11\/2017-12-12-22-30-hessenschau-kompakt-Beitrag-mit-Interview.mp4?_=4\" \/><a href=\"http:\/\/mitbestimmung-citybahn.de\/mitbestimmung\/wp-content\/uploads\/2018\/11\/2017-12-12-22-30-hessenschau-kompakt-Beitrag-mit-Interview.mp4\">http:\/\/mitbestimmung-citybahn.de\/mitbestimmung\/wp-content\/uploads\/2018\/11\/2017-12-12-22-30-hessenschau-kompakt-Beitrag-mit-Interview.mp4<\/a><\/video><\/div>\n<p>&nbsp;<\/p>\n","protected":false},"excerpt":{"rendered":"<p>Audio- und Videobeitr\u00e4ge Medien &amp; Citybahn Klingelton 30.08.2020 BI Mitbestimmung Citybahn Klingelton, von der Mainzelbahn live vor Ort August 2020 &nbsp; 18.03.2019 SAT.1 Regionalmagazin &#8211; Fernsehbeitrag \u00fcber die Einreichung des B\u00fcrgerbegehrens RTL Hessen &#8211; Fernsehbeitrag \u00fcber die Einreichung des B\u00fcrgerbegehrens 21.01.2019 SAT. 1 Regionalmagazin &#8211; Fernsehbeitrag \u00fcber unser B\u00fcrgerbegehren &nbsp;&hellip; <\/p>\n","protected":false},"author":1,"featured_media":0,"parent":50,"menu_order":20,"comment_status":"closed","ping_status":"closed","template":"","meta":{"footnotes":""},"class_list":["post-52","page","type-page","status-publish","hentry"],"_links":{"self":[{"href":"https:\/\/mitbestimmung-citybahn.de\/mitbestimmung\/index.php?rest_route=\/wp\/v2\/pages\/52","targetHints":{"allow":["GET"]}}],"collection":[{"href":"https:\/\/mitbestimmung-citybahn.de\/mitbestimmung\/index.php?rest_route=\/wp\/v2\/pages"}],"about":[{"href":"https:\/\/mitbestimmung-citybahn.de\/mitbestimmung\/index.php?rest_route=\/wp\/v2\/types\/page"}],"author":[{"embeddable":true,"href":"https:\/\/mitbestimmung-citybahn.de\/mitbestimmung\/index.php?rest_route=\/wp\/v2\/users\/1"}],"replies":[{"embeddable":true,"href":"https:\/\/mitbestimmung-citybahn.de\/mitbestimmung\/index.php?rest_route=%2Fwp%2Fv2%2Fcomments&post=52"}],"version-history":[{"count":40,"href":"https:\/\/mitbestimmung-citybahn.de\/mitbestimmung\/index.php?rest_route=\/wp\/v2\/pages\/52\/revisions"}],"predecessor-version":[{"id":1781,"href":"https:\/\/mitbestimmung-citybahn.de\/mitbestimmung\/index.php?rest_route=\/wp\/v2\/pages\/52\/revisions\/1781"}],"up":[{"embeddable":true,"href":"https:\/\/mitbestimmung-citybahn.de\/mitbestimmung\/index.php?rest_route=\/wp\/v2\/pages\/50"}],"wp:attachment":[{"href":"https:\/\/mitbestimmung-citybahn.de\/mitbestimmung\/index.php?rest_route=%2Fwp%2Fv2%2Fmedia&parent=52"}],"curies":[{"name":"wp","href":"https:\/\/api.w.org\/{rel}","templated":true}]}}